{"id":66,"date":"2023-10-30T09:46:45","date_gmt":"2023-10-30T09:46:45","guid":{"rendered":"https:\/\/inkoba.de\/?page_id=66"},"modified":"2023-11-09T17:45:30","modified_gmt":"2023-11-09T17:45:30","slug":"stufe-4","status":"publish","type":"page","link":"https:\/\/inkoba.de\/?page_id=66","title":{"rendered":"Stufe 4 (Kopfarbeit)"},"content":{"rendered":"\n<p><strong>Notizen intelligent machen<\/strong><\/p>\n\n\n\n<p>Nat\u00fcrlich kann man eine Notiz nicht intelligent machen aber ein System kann intelligente Eigenschaften haben. In dieser Stufe geht es darum, meinen heranwachsenden Wissensschatz in Wechselwirkung mit meinem Denken so zu gestalten und zu verwenden, dass beides gut zusammenarbeitet.&nbsp;<\/p>\n\n\n\n<p>Idealerweise zeichnet sich das wechselseitig aktive System durch erfolgreiche Wissensarbeit aus. Sie f\u00fchrt zur Wertsch\u00f6pfung durch Wissen bei der am Ende klar ist, um WAS es im konkreten Fall geht, WELCHE guten Gr\u00fcnde es gibt und WIE etwas funktioniert.&nbsp;<\/p>\n\n\n\n<p>Hierbei sind Sinnf\u00e4lligkeit, Bedeutung (Relevanz), Annahme (Akzeptanz) und Stimmigkeit (Resonanz) einige der Kernbegriffe der Lernstufe.\u00a0<\/p>\n\n\n\n<p>.<\/p>\n","protected":false},"excerpt":{"rendered":"<p>Notizen intelligent machen Nat\u00fcrlich kann man eine Notiz nicht intelligent machen aber ein System kann intelligente Eigenschaften haben. In dieser Stufe geht es darum, meinen heranwachsenden Wissensschatz in Wechselwirkung mit meinem Denken so zu gestalten und zu verwenden, dass beides gut zusammenarbeitet.&nbsp; Idealerweise zeichnet sich das wechselseitig aktive System durch erfolgreiche Wissensarbeit aus. Sie f\u00fchrt [&hellip;]<\/p>\n","protected":false},"author":1,"featured_media":0,"parent":0,"menu_order":0,"comment_status":"closed","ping_status":"closed","template":"","meta":{"footnotes":""},"class_list":["post-66","page","type-page","status-publish","hentry"],"_links":{"self":[{"href":"https:\/\/inkoba.de\/index.php?rest_route=\/wp\/v2\/pages\/66","targetHints":{"allow":["GET"]}}],"collection":[{"href":"https:\/\/inkoba.de\/index.php?rest_route=\/wp\/v2\/pages"}],"about":[{"href":"https:\/\/inkoba.de\/index.php?rest_route=\/wp\/v2\/types\/page"}],"author":[{"embeddable":true,"href":"https:\/\/inkoba.de\/index.php?rest_route=\/wp\/v2\/users\/1"}],"replies":[{"embeddable":true,"href":"https:\/\/inkoba.de\/index.php?rest_route=%2Fwp%2Fv2%2Fcomments&post=66"}],"version-history":[{"count":3,"href":"https:\/\/inkoba.de\/index.php?rest_route=\/wp\/v2\/pages\/66\/revisions"}],"predecessor-version":[{"id":268,"href":"https:\/\/inkoba.de\/index.php?rest_route=\/wp\/v2\/pages\/66\/revisions\/268"}],"wp:attachment":[{"href":"https:\/\/inkoba.de\/index.php?rest_route=%2Fwp%2Fv2%2Fmedia&parent=66"}],"curies":[{"name":"wp","href":"https:\/\/api.w.org\/{rel}","templated":true}]}}