{"id":63,"date":"2023-10-30T09:45:31","date_gmt":"2023-10-30T09:45:31","guid":{"rendered":"https:\/\/inkoba.de\/?page_id=63"},"modified":"2023-11-09T17:45:16","modified_gmt":"2023-11-09T17:45:16","slug":"stufe-3","status":"publish","type":"page","link":"https:\/\/inkoba.de\/?page_id=63","title":{"rendered":"Stufe 3 (Kopfarbeit)"},"content":{"rendered":"\n<p><strong>Notizh\u00e4ppchen des Tages<\/strong><\/p>\n\n\n\n<p>In dieser Stufe lerne ich Tagesnotizen anzulegen. Ich \u00fcbe in beliebigen Tagessituationen und in passenden Sinnbereichen meiner Aufgaben kleine Notizh\u00e4ppchen festzuhalten. Dazu muss ich die Gestaltungsm\u00f6glichkeiten der verwendeten Notiz App kennen. &nbsp;<\/p>\n\n\n\n<p>In praktischen \u00dcbungen lerne ich im Sinne der angewandten Wissenstechnologie Inhalt, Form und Ausdruck von Notizh\u00e4ppchen zu verfeinern.&nbsp;<\/p>\n\n\n\n<p>Im Ergebnis sollen m\u00f6glichst Notizen mit pr\u00e4zisen Informationen und klaren Gedanken entstehen. &nbsp;<\/p>\n","protected":false},"excerpt":{"rendered":"<p>Notizh\u00e4ppchen des Tages In dieser Stufe lerne ich Tagesnotizen anzulegen. Ich \u00fcbe in beliebigen Tagessituationen und in passenden Sinnbereichen meiner Aufgaben kleine Notizh\u00e4ppchen festzuhalten. Dazu muss ich die Gestaltungsm\u00f6glichkeiten der verwendeten Notiz App kennen. &nbsp; In praktischen \u00dcbungen lerne ich im Sinne der angewandten Wissenstechnologie Inhalt, Form und Ausdruck von Notizh\u00e4ppchen zu verfeinern.&nbsp; Im Ergebnis [&hellip;]<\/p>\n","protected":false},"author":1,"featured_media":0,"parent":0,"menu_order":0,"comment_status":"closed","ping_status":"closed","template":"","meta":{"footnotes":""},"class_list":["post-63","page","type-page","status-publish","hentry"],"_links":{"self":[{"href":"https:\/\/inkoba.de\/index.php?rest_route=\/wp\/v2\/pages\/63","targetHints":{"allow":["GET"]}}],"collection":[{"href":"https:\/\/inkoba.de\/index.php?rest_route=\/wp\/v2\/pages"}],"about":[{"href":"https:\/\/inkoba.de\/index.php?rest_route=\/wp\/v2\/types\/page"}],"author":[{"embeddable":true,"href":"https:\/\/inkoba.de\/index.php?rest_route=\/wp\/v2\/users\/1"}],"replies":[{"embeddable":true,"href":"https:\/\/inkoba.de\/index.php?rest_route=%2Fwp%2Fv2%2Fcomments&post=63"}],"version-history":[{"count":3,"href":"https:\/\/inkoba.de\/index.php?rest_route=\/wp\/v2\/pages\/63\/revisions"}],"predecessor-version":[{"id":267,"href":"https:\/\/inkoba.de\/index.php?rest_route=\/wp\/v2\/pages\/63\/revisions\/267"}],"wp:attachment":[{"href":"https:\/\/inkoba.de\/index.php?rest_route=%2Fwp%2Fv2%2Fmedia&parent=63"}],"curies":[{"name":"wp","href":"https:\/\/api.w.org\/{rel}","templated":true}]}}