{"id":59,"date":"2023-10-30T09:40:38","date_gmt":"2023-10-30T09:40:38","guid":{"rendered":"https:\/\/inkoba.de\/?page_id=59"},"modified":"2023-11-09T17:44:59","modified_gmt":"2023-11-09T17:44:59","slug":"stufe-2","status":"publish","type":"page","link":"https:\/\/inkoba.de\/?page_id=59","title":{"rendered":"Stufe 2 (Kopfarbeit)"},"content":{"rendered":"\n<p><strong>Ordnerprofil erstellen<\/strong><\/p>\n\n\n\n<p>Einen Wissensschatz nur mit einer hierarchischen Baumstruktur aufzubauen, w\u00fcrde dem universellen Anspruch der angewandten Wissenstechnologie nicht gerecht werden. Bei INKOBA lerne ich mich auf ein erprobtes Ordnerprofil zu beschr\u00e4nkten. Dieses ist weniger f\u00fcr das Suchen und Finden als viel mehr f\u00fcr den bewussten Prozess der zu trainierenden Wissenswertsch\u00f6pfung von Bedeutung.&nbsp;<\/p>\n\n\n\n<p>Ich beginne mit einem Profil, welches zu mir passt und lerne dessen Bedeutung in der praktischen Anwendung in meinem 2nd(X) kennen.&nbsp;<\/p>\n","protected":false},"excerpt":{"rendered":"<p>Ordnerprofil erstellen Einen Wissensschatz nur mit einer hierarchischen Baumstruktur aufzubauen, w\u00fcrde dem universellen Anspruch der angewandten Wissenstechnologie nicht gerecht werden. Bei INKOBA lerne ich mich auf ein erprobtes Ordnerprofil zu beschr\u00e4nkten. Dieses ist weniger f\u00fcr das Suchen und Finden als viel mehr f\u00fcr den bewussten Prozess der zu trainierenden Wissenswertsch\u00f6pfung von Bedeutung.&nbsp; Ich beginne mit [&hellip;]<\/p>\n","protected":false},"author":1,"featured_media":0,"parent":0,"menu_order":0,"comment_status":"closed","ping_status":"closed","template":"","meta":{"footnotes":""},"class_list":["post-59","page","type-page","status-publish","hentry"],"_links":{"self":[{"href":"https:\/\/inkoba.de\/index.php?rest_route=\/wp\/v2\/pages\/59","targetHints":{"allow":["GET"]}}],"collection":[{"href":"https:\/\/inkoba.de\/index.php?rest_route=\/wp\/v2\/pages"}],"about":[{"href":"https:\/\/inkoba.de\/index.php?rest_route=\/wp\/v2\/types\/page"}],"author":[{"embeddable":true,"href":"https:\/\/inkoba.de\/index.php?rest_route=\/wp\/v2\/users\/1"}],"replies":[{"embeddable":true,"href":"https:\/\/inkoba.de\/index.php?rest_route=%2Fwp%2Fv2%2Fcomments&post=59"}],"version-history":[{"count":3,"href":"https:\/\/inkoba.de\/index.php?rest_route=\/wp\/v2\/pages\/59\/revisions"}],"predecessor-version":[{"id":266,"href":"https:\/\/inkoba.de\/index.php?rest_route=\/wp\/v2\/pages\/59\/revisions\/266"}],"wp:attachment":[{"href":"https:\/\/inkoba.de\/index.php?rest_route=%2Fwp%2Fv2%2Fmedia&parent=59"}],"curies":[{"name":"wp","href":"https:\/\/api.w.org\/{rel}","templated":true}]}}