{"id":55,"date":"2023-10-30T09:39:32","date_gmt":"2023-10-30T09:39:32","guid":{"rendered":"https:\/\/inkoba.de\/?page_id=55"},"modified":"2023-11-09T17:44:44","modified_gmt":"2023-11-09T17:44:44","slug":"stufe-1","status":"publish","type":"page","link":"https:\/\/inkoba.de\/?page_id=55","title":{"rendered":"Stufe 1 (Kopfarbeit)"},"content":{"rendered":"\n<p><strong>Einf\u00fchrung und Vorbereitung<\/strong><\/p>\n\n\n\n<p>Das oberste Ziel, dieser ersten Stufe besteht darin, in eigener Regie mit einfachen Mitteln ein digitales Zuhause f\u00fcr meinen pers\u00f6nlichen Wissensschatz aufzubauen. &nbsp;<\/p>\n\n\n\n<p>Mit dem zur Lernstufe geh\u00f6renden Studikit erhalte ich zu diesem Zweck eine Anleitung. Ich installiere mir die vom Kursleiter&nbsp;empfohlene Notiz App, mache die ersten Einstellungen und \u00fcbe den selbstverst\u00e4ndlichen Gebrauch und die Handhabung wichtiger Funktionen. &nbsp;<\/p>\n\n\n\n<p>Somit schaffe ich die Voraussetzungen f\u00fcr den weiteren Ausbau meines 2nd(X).&nbsp;<\/p>\n","protected":false},"excerpt":{"rendered":"<p>Einf\u00fchrung und Vorbereitung Das oberste Ziel, dieser ersten Stufe besteht darin, in eigener Regie mit einfachen Mitteln ein digitales Zuhause f\u00fcr meinen pers\u00f6nlichen Wissensschatz aufzubauen. &nbsp; Mit dem zur Lernstufe geh\u00f6renden Studikit erhalte ich zu diesem Zweck eine Anleitung. Ich installiere mir die vom Kursleiter&nbsp;empfohlene Notiz App, mache die ersten Einstellungen und \u00fcbe den selbstverst\u00e4ndlichen [&hellip;]<\/p>\n","protected":false},"author":1,"featured_media":0,"parent":0,"menu_order":0,"comment_status":"closed","ping_status":"closed","template":"","meta":{"footnotes":""},"class_list":["post-55","page","type-page","status-publish","hentry"],"_links":{"self":[{"href":"https:\/\/inkoba.de\/index.php?rest_route=\/wp\/v2\/pages\/55","targetHints":{"allow":["GET"]}}],"collection":[{"href":"https:\/\/inkoba.de\/index.php?rest_route=\/wp\/v2\/pages"}],"about":[{"href":"https:\/\/inkoba.de\/index.php?rest_route=\/wp\/v2\/types\/page"}],"author":[{"embeddable":true,"href":"https:\/\/inkoba.de\/index.php?rest_route=\/wp\/v2\/users\/1"}],"replies":[{"embeddable":true,"href":"https:\/\/inkoba.de\/index.php?rest_route=%2Fwp%2Fv2%2Fcomments&post=55"}],"version-history":[{"count":3,"href":"https:\/\/inkoba.de\/index.php?rest_route=\/wp\/v2\/pages\/55\/revisions"}],"predecessor-version":[{"id":265,"href":"https:\/\/inkoba.de\/index.php?rest_route=\/wp\/v2\/pages\/55\/revisions\/265"}],"wp:attachment":[{"href":"https:\/\/inkoba.de\/index.php?rest_route=%2Fwp%2Fv2%2Fmedia&parent=55"}],"curies":[{"name":"wp","href":"https:\/\/api.w.org\/{rel}","templated":true}]}}