{"id":46,"date":"2023-10-30T09:23:24","date_gmt":"2023-10-30T09:23:24","guid":{"rendered":"https:\/\/inkoba.de\/?page_id=46"},"modified":"2023-10-30T09:43:24","modified_gmt":"2023-10-30T09:43:24","slug":"kopfarbeit","status":"publish","type":"page","link":"https:\/\/inkoba.de\/?page_id=46","title":{"rendered":"Einf\u00fchrung"},"content":{"rendered":"\n<p>&#8222;Kopfarbeit&#8220; ist der Titel des INKOBA Stufenkurses zur<br>Entwicklung von F\u00e4higkeiten der pers\u00f6nlichen Wissenswertsch\u00f6pfung.<br><\/p>\n\n\n\n<p>Dieser Kurs richtet sich an einzelne Personen wie F\u00fchrungs-,<br>Fach- und Nachwuchskr\u00e4fte aber auch an Sch\u00fcler, Studenten und<br>Privatpersonen die nicht nur an Wissen und Wahrheit interessiert<br>sind, sondern auch pers\u00f6nlich weiterkommen wollen. <\/p>\n\n\n\n<p>Der Kurs &#8222;Kopfarbeit&#8220; besteht aus sechs Stufen.<\/p>\n\n\n\n<p>Er kann mit individuellem Lerntempo absolviert werden.<br>Zu jeder Stufe gibt es vom Systemhaus  ISA-Tech GmbH<br>M\u00fchlhausen zugeschnittenes Begleitmaterial. Diese Studikits<br>werden individuell und in Abh\u00e4ngigkeit vom festgestellten<br>Lernfortschritt freigegeben.<\/p>\n\n\n\n<p><br>Zur Feststellung des Lernfortschrittes sind nach jedem<br>Kursabschnitt alle Kontrollfragen richtig zu beantworten.<\/p>\n","protected":false},"excerpt":{"rendered":"<p>&#8222;Kopfarbeit&#8220; ist der Titel des INKOBA Stufenkurses zurEntwicklung von F\u00e4higkeiten der pers\u00f6nlichen Wissenswertsch\u00f6pfung. Dieser Kurs richtet sich an einzelne Personen wie F\u00fchrungs-,Fach- und Nachwuchskr\u00e4fte aber auch an Sch\u00fcler, Studenten undPrivatpersonen die nicht nur an Wissen und Wahrheit interessiertsind, sondern auch pers\u00f6nlich weiterkommen wollen. Der Kurs &#8222;Kopfarbeit&#8220; besteht aus sechs Stufen. Er kann mit individuellem Lerntempo [&hellip;]<\/p>\n","protected":false},"author":1,"featured_media":0,"parent":0,"menu_order":0,"comment_status":"closed","ping_status":"closed","template":"","meta":{"footnotes":""},"class_list":["post-46","page","type-page","status-publish","hentry"],"_links":{"self":[{"href":"https:\/\/inkoba.de\/index.php?rest_route=\/wp\/v2\/pages\/46","targetHints":{"allow":["GET"]}}],"collection":[{"href":"https:\/\/inkoba.de\/index.php?rest_route=\/wp\/v2\/pages"}],"about":[{"href":"https:\/\/inkoba.de\/index.php?rest_route=\/wp\/v2\/types\/page"}],"author":[{"embeddable":true,"href":"https:\/\/inkoba.de\/index.php?rest_route=\/wp\/v2\/users\/1"}],"replies":[{"embeddable":true,"href":"https:\/\/inkoba.de\/index.php?rest_route=%2Fwp%2Fv2%2Fcomments&post=46"}],"version-history":[{"count":5,"href":"https:\/\/inkoba.de\/index.php?rest_route=\/wp\/v2\/pages\/46\/revisions"}],"predecessor-version":[{"id":62,"href":"https:\/\/inkoba.de\/index.php?rest_route=\/wp\/v2\/pages\/46\/revisions\/62"}],"wp:attachment":[{"href":"https:\/\/inkoba.de\/index.php?rest_route=%2Fwp%2Fv2%2Fmedia&parent=46"}],"curies":[{"name":"wp","href":"https:\/\/api.w.org\/{rel}","templated":true}]}}