{"id":36,"date":"2023-10-30T09:04:50","date_gmt":"2023-10-30T09:04:50","guid":{"rendered":"https:\/\/inkoba.de\/?page_id=36"},"modified":"2024-01-03T15:41:42","modified_gmt":"2024-01-03T15:41:42","slug":"vorueberlegungen-von-kursinteressenten","status":"publish","type":"page","link":"https:\/\/inkoba.de\/","title":{"rendered":"Erste Gedanken"},"content":{"rendered":"\n<h4 class=\"wp-block-heading\">1. \ud83e\udd14&nbsp;Vielleicht &#8230;<\/h4>\n\n\n\n<div class=\"wp-block-buttons is-layout-flex wp-block-buttons-is-layout-flex\">\n<div class=\"wp-block-button\"><a class=\"wp-block-button__link wp-element-button\" href=\"https:\/\/app.courseau.co\/projects\/0f102a79-c0c9-47f6-8aa6-c7532cf092e1\/preview\" target=\"_blank\" rel=\"noreferrer noopener\">Zum kostenfreien Basiskurs &#8211; Was ist INKOBA? &#8211; Teil 1<\/a><\/div>\n\n\n\n<div class=\"wp-block-button\"><a class=\"wp-block-button__link wp-element-button\" href=\"https:\/\/app.courseau.co\/projects\/a99424fa-c627-44af-8028-472862bffc23\/preview\" target=\"_blank\" rel=\"noreferrer noopener\">Zum kostenfreien Basiskurs &#8211; Was ist INKOBA? &#8211; Teil 2<\/a><\/div>\n\n\n\n<div class=\"wp-block-button\"><a class=\"wp-block-button__link wp-element-button\" href=\"https:\/\/app.courseau.co\/projects\/60f48c16-d904-4dea-bd97-d1505343d9b9\/preview\" target=\"_blank\" rel=\"noreferrer noopener\">Zum kostenfreien Basiskurs &#8211; Was ist INKOBA? &#8211; Teil 3<\/a><\/div>\n\n\n\n<div class=\"wp-block-button\"><a class=\"wp-block-button__link wp-element-button\" href=\"https:\/\/app.courseau.co\/projects\/a121ed36-3150-4d1e-8a43-26f2b60222b3\/preview\" target=\"_blank\" rel=\"noreferrer noopener\">Zum kostenfreien Basiskurs &#8211; Was ist INKOBA? &#8211; Teil 4<\/a><\/div>\n\n\n\n<div class=\"wp-block-button\"><a class=\"wp-block-button__link wp-element-button\" href=\"https:\/\/app.courseau.co\/projects\/cec07462-2f59-43fc-8ebe-b96593f7759c\/preview\">Zum kostenfreien Basiskurs &#8211; Was ist INKOBA? &#8211; Teil 5<\/a><\/div>\n<\/div>\n\n\n\n<p><\/p>\n\n\n\n<hr class=\"wp-block-separator has-alpha-channel-opacity\"\/>\n\n\n\n<p>Vielleicht w\u00e4re es f\u00fcr mich ein guter Grund in einem INKOBA Kurs zu lernen, wie der Wirbelsturm aus zahllosen Gedankenfetzen, der mir manchmal im Kopf im Weg steht, in klare Bilder und einfache S\u00e4tze umgewandelt werden kann? Und das nicht allein durch Mentaltraining.<\/p>\n\n\n\n<p>Dann w\u00fcrde ich am Ende besser schlafen und entspannter in den neuen Tag gehen k\u00f6nnen. Der Traum vom erholsamen Schlaf w\u00fcrde wahr.<\/p>\n\n\n\n<figure class=\"wp-block-image aligncenter size-full\"><img loading=\"lazy\" decoding=\"async\" width=\"616\" height=\"340\" src=\"https:\/\/inkoba.de\/wp-content\/uploads\/2023\/11\/Gedankenfetzen.gif\" alt=\"\" class=\"wp-image-240\"\/><\/figure>\n\n\n\n<hr class=\"wp-block-separator has-alpha-channel-opacity\"\/>\n\n\n\n<h4 class=\"wp-block-heading\">2. \ud83e\udd14 Vielleicht &#8230;<\/h4>\n\n\n\n<p>Vielleicht w\u00e4re es f\u00fcr mich ein guter Grund in einem INKOBA Kurs zu lernen, wie es geht, aus der scheinbar unb\u00e4ndigen erdr\u00fcckenden Flut von Informationen und Gedanken, der ich oft schutzlos ausgesetzt bin, jederzeit geschmeidig Notizh\u00e4ppchen zu formulieren, zu erfassen, diese nach und nach zu erg\u00e4nzen, anzupassen und schlie\u00dflich daraus f\u00fcr mich einen alltagstauglichen Wissensschatz zu machen?<\/p>\n\n\n\n<p>Dann w\u00fcrde ich f\u00fcr meine geistige Arbeit ein pers\u00f6nliches Werkzeug besitzen, welches mir zus\u00e4tzlich klare Bilder und einfache S\u00e4tze geben k\u00f6nnte wann immer ich sie brauche. Der Traum von Ruhe und Gelassenheit w\u00fcrde wahr.<\/p>\n\n\n\n<figure class=\"wp-block-image aligncenter size-large is-resized\"><img loading=\"lazy\" decoding=\"async\" width=\"1024\" height=\"618\" src=\"https:\/\/inkoba.de\/wp-content\/uploads\/2023\/11\/Gedankenfetzen-2-1024x618.gif\" alt=\"\" class=\"wp-image-242\" style=\"width:657px;height:auto\" srcset=\"https:\/\/inkoba.de\/wp-content\/uploads\/2023\/11\/Gedankenfetzen-2-1024x618.gif 1024w, https:\/\/inkoba.de\/wp-content\/uploads\/2023\/11\/Gedankenfetzen-2-300x181.gif 300w, https:\/\/inkoba.de\/wp-content\/uploads\/2023\/11\/Gedankenfetzen-2-768x463.gif 768w\" sizes=\"auto, (max-width: 1024px) 100vw, 1024px\" \/><\/figure>\n\n\n\n<hr class=\"wp-block-separator has-alpha-channel-opacity\"\/>\n\n\n\n<h4 class=\"wp-block-heading\">3. \ud83e\udd14 Vielleicht &#8230;<\/h4>\n\n\n\n<p>Vielleicht w\u00e4re es f\u00fcr mich ein guter Grund in einem INKOBA Kurs zu lernen, wie es geht, digitale Notizh\u00e4ppchen, die bereits ein Teil von meinem Wissensschatz geworden sind, so zu veredeln, dass am Ende daraus f\u00fcr mich ein wertvolles Detail in Form einer intelligenten Notiz entsteht.<\/p>\n\n\n\n<p>Dann w\u00fcrde ich f\u00fcr mich und andere in der Lage sein, im Handumdrehen klare Bilder und einfache S\u00e4tze parat zu haben. Der Traum von erf\u00fcllter Teamarbeit w\u00fcrde wahr.<\/p>\n\n\n\n<figure class=\"wp-block-image aligncenter size-large is-resized\"><img loading=\"lazy\" decoding=\"async\" width=\"1024\" height=\"418\" src=\"https:\/\/inkoba.de\/wp-content\/uploads\/2023\/11\/Gedankenfetzen-3-1024x418.gif\" alt=\"\" class=\"wp-image-244\" style=\"width:662px;height:auto\" srcset=\"https:\/\/inkoba.de\/wp-content\/uploads\/2023\/11\/Gedankenfetzen-3-1024x418.gif 1024w, https:\/\/inkoba.de\/wp-content\/uploads\/2023\/11\/Gedankenfetzen-3-300x123.gif 300w, https:\/\/inkoba.de\/wp-content\/uploads\/2023\/11\/Gedankenfetzen-3-768x314.gif 768w\" sizes=\"auto, (max-width: 1024px) 100vw, 1024px\" \/><\/figure>\n\n\n\n<hr class=\"wp-block-separator has-alpha-channel-opacity\"\/>\n\n\n\n<h4 class=\"wp-block-heading\">4. \ud83e\udd14 Vielleicht &#8230;<\/h4>\n\n\n\n<p>Vielleicht w\u00e4re es ein guter Grund f\u00fcr mich als Student in einem INKOBA Kurs zu lernen, wie es geht, effektive Mitschriften so zu machen, dass sie unmittelbar als intelligente Notiz in meinem digitalen Wissensschatz landen.<\/p>\n\n\n\n<p>Dann k\u00f6nnte ich im Handumdrehen schnell nachlesen. Ich m\u00fcsste beim Lernen nicht mehr tausend Ordner durchsuchen. Der Traum von mehr Freizeit trotz Studium w\u00fcrde wahr.<\/p>\n\n\n\n<figure class=\"wp-block-image aligncenter size-full is-resized\"><img loading=\"lazy\" decoding=\"async\" width=\"613\" height=\"450\" src=\"https:\/\/inkoba.de\/wp-content\/uploads\/2023\/11\/Gedankenfetzen-4.gif\" alt=\"\" class=\"wp-image-245\" style=\"width:677px;height:auto\"\/><\/figure>\n\n\n\n<hr class=\"wp-block-separator has-alpha-channel-opacity\"\/>\n\n\n\n<h4 class=\"wp-block-heading\">5. \ud83e\udd14 Vielleicht ..<\/h4>\n\n\n\n<p>Vielleicht w\u00e4re es ein guter Grund f\u00fcr mich als Mitarbeiter in einem INKOBA Kurs zu lernen, welchen Mehrwert es haben kann, intelligente Notizen zu besitzen und diese auch alltagstauglich zur Hand zu haben.<\/p>\n\n\n\n<p>Dann k\u00f6nnte ich sicher in manchen F\u00e4llen neuen Herausforderungen besser gewachsen sein und meinen Job gut machen. Der Traum von mehr Freude an der Arbeit w\u00fcrde wahr.<\/p>\n\n\n\n<figure class=\"wp-block-image aligncenter size-full is-resized\"><img loading=\"lazy\" decoding=\"async\" width=\"694\" height=\"550\" src=\"https:\/\/inkoba.de\/wp-content\/uploads\/2023\/11\/Gedankenfetzen-5.gif\" alt=\"\" class=\"wp-image-246\" style=\"width:664px;height:auto\"\/><\/figure>\n\n\n\n<hr class=\"wp-block-separator has-alpha-channel-opacity\"\/>\n\n\n\n<h4 class=\"wp-block-heading\">6. \ud83e\udd14 Vielleicht &#8230;<\/h4>\n\n\n\n<p>Vielleicht w\u00e4re es ein guter Grund f\u00fcr mich als leitender Mitarbeiter in einem INKOBA Kurs zu lernen, welchen Vorteil es bringt, intelligente Notizen \u00fcbersichtlich nach typischen Sinnfeldern zu pflegen, zu teilen und klug f\u00fcr das Leistungs-, Werte- und das strategische Management zur Hand zu haben.<\/p>\n\n\n\n<p>Dann k\u00f6nnte ich auch in Krisen und bei besonderen St\u00f6rf\u00e4llen meine Konzentration auf das Wesentliche richten und gut entscheiden. Der Traum einer attraktiven Unternehmenskultur kann sichtbar werden.<\/p>\n\n\n\n<figure class=\"wp-block-image aligncenter size-full is-resized\"><img loading=\"lazy\" decoding=\"async\" width=\"535\" height=\"526\" src=\"https:\/\/inkoba.de\/wp-content\/uploads\/2023\/11\/Gedankenfetzen-6.gif\" alt=\"\" class=\"wp-image-247\" style=\"width:691px;height:auto\"\/><\/figure>\n","protected":false},"excerpt":{"rendered":"<p>1. \ud83e\udd14&nbsp;Vielleicht &#8230; Vielleicht w\u00e4re es f\u00fcr mich ein guter Grund in einem INKOBA Kurs zu lernen, wie der Wirbelsturm aus zahllosen Gedankenfetzen, der mir manchmal im Kopf im Weg steht, in klare Bilder und einfache S\u00e4tze umgewandelt werden kann? Und das nicht allein durch Mentaltraining. Dann w\u00fcrde ich am Ende besser schlafen und entspannter [&hellip;]<\/p>\n","protected":false},"author":1,"featured_media":0,"parent":0,"menu_order":0,"comment_status":"closed","ping_status":"closed","template":"","meta":{"footnotes":""},"class_list":["post-36","page","type-page","status-publish","hentry"],"_links":{"self":[{"href":"https:\/\/inkoba.de\/index.php?rest_route=\/wp\/v2\/pages\/36","targetHints":{"allow":["GET"]}}],"collection":[{"href":"https:\/\/inkoba.de\/index.php?rest_route=\/wp\/v2\/pages"}],"about":[{"href":"https:\/\/inkoba.de\/index.php?rest_route=\/wp\/v2\/types\/page"}],"author":[{"embeddable":true,"href":"https:\/\/inkoba.de\/index.php?rest_route=\/wp\/v2\/users\/1"}],"replies":[{"embeddable":true,"href":"https:\/\/inkoba.de\/index.php?rest_route=%2Fwp%2Fv2%2Fcomments&post=36"}],"version-history":[{"count":19,"href":"https:\/\/inkoba.de\/index.php?rest_route=\/wp\/v2\/pages\/36\/revisions"}],"predecessor-version":[{"id":304,"href":"https:\/\/inkoba.de\/index.php?rest_route=\/wp\/v2\/pages\/36\/revisions\/304"}],"wp:attachment":[{"href":"https:\/\/inkoba.de\/index.php?rest_route=%2Fwp%2Fv2%2Fmedia&parent=36"}],"curies":[{"name":"wp","href":"https:\/\/api.w.org\/{rel}","templated":true}]}}