{"id":199,"date":"2023-11-02T06:01:57","date_gmt":"2023-11-02T06:01:57","guid":{"rendered":"https:\/\/inkoba.de\/?page_id=199"},"modified":"2024-01-11T13:42:32","modified_gmt":"2024-01-11T13:42:32","slug":"marken","status":"publish","type":"page","link":"https:\/\/inkoba.de\/?page_id=199","title":{"rendered":"Marken"},"content":{"rendered":"\n<div class=\"wp-block-cover is-style-default wp-duotone-unset-1\" style=\"padding-top:var(--wp--preset--spacing--x-large);padding-bottom:var(--wp--preset--spacing--x-large)\"><span aria-hidden=\"true\" class=\"wp-block-cover__background has-main-background-color has-background-dim-100 has-background-dim\"><\/span><div class=\"wp-block-cover__inner-container is-layout-flow wp-block-cover-is-layout-flow\">\n<div class=\"wp-block-group has-global-padding is-layout-constrained wp-container-core-group-is-layout-f5f3bcb8 wp-block-group-is-layout-constrained\">\n<p class=\"has-main-accent-color has-text-color has-small-font-size\" style=\"font-style:normal;font-weight:500\">Autor: Reinhard Boltin<\/p>\n\n\n\n<h2 class=\"wp-block-heading has-text-align-left has-base-color has-text-color\">Dienstleistungsmarken<\/h2>\n\n\n\n<p class=\"has-text-align-left has-main-accent-color has-text-color\" style=\"font-style:normal;font-weight:400\">Das auf dieser Webseite pr\u00e4sentierte Weiterbildungsangebot entspricht den beim Deutschen Patent- und Markenamt eingetragenen Marken Digitale-Teambildung\u00ae  und Teambook by INKOBA\u00ae<\/p>\n\n\n\n<div style=\"height:25px\" aria-hidden=\"true\" class=\"wp-block-spacer\"><\/div>\n\n\n\n<figure class=\"wp-block-image size-full\"><img loading=\"lazy\" decoding=\"async\" width=\"232\" height=\"116\" src=\"https:\/\/inkoba.de\/wp-content\/uploads\/2023\/11\/Artefakt-686.png\" alt=\"\" class=\"wp-image-200\"\/><\/figure>\n\n\n\n<hr class=\"wp-block-separator has-text-color has-main-accent-color has-alpha-channel-opacity has-main-accent-background-color has-background is-style-separator-dotted\" style=\"margin-top:var(--wp--preset--spacing--medium);margin-bottom:var(--wp--preset--spacing--medium)\"\/>\n\n\n\n<div class=\"wp-block-buttons is-layout-flex wp-block-buttons-is-layout-flex\">\n<div class=\"wp-block-button has-custom-width wp-block-button__width-100\"><a class=\"wp-block-button__link wp-element-button\" href=\"https:\/\/olliewp.com\">Teambook<\/a><\/div>\n\n\n\n<div class=\"wp-block-button has-custom-width wp-block-button__width-100\"><a class=\"wp-block-button__link wp-element-button\" href=\"https:\/\/olliewp.com\">Teambildung<\/a><\/div>\n<\/div>\n<\/div>\n<\/div><\/div>\n\n\n\n<p><strong>Wof\u00fcr steht INKOBA?<\/strong> Das Kernziel von INKOBA &#8211; unserer Dachmarke f\u00fcr angewandte Wissenstechnologie &#8211; besteht darin, mit seiner Anwendung im betrieblichen Projektmanagement Mitarbeiter und Teams zu bef\u00e4higen, mit geringstem Aufwand an Zeit und Geld erfolgreich eine besondere Kompetenz zu vermitteln, womit es ihnen m\u00f6glich sein wird, soziale und technisch-technologische Innovationen zur L\u00f6sung von dringlichen Herausforderungen zu meistern und damit einen Mehrwert in ihrem Unternehmen hervorzubringen.&nbsp;<\/p>\n\n\n\n<div style=\"height:38px\" aria-hidden=\"true\" class=\"wp-block-spacer\"><\/div>\n\n\n\n<figure class=\"wp-block-image size-large\"><img loading=\"lazy\" decoding=\"async\" width=\"1024\" height=\"575\" src=\"https:\/\/inkoba.de\/wp-content\/uploads\/2024\/01\/Infografik-INKOBA-5-1024x575.jpg\" alt=\"\" class=\"wp-image-310\" srcset=\"https:\/\/inkoba.de\/wp-content\/uploads\/2024\/01\/Infografik-INKOBA-5-1024x575.jpg 1024w, https:\/\/inkoba.de\/wp-content\/uploads\/2024\/01\/Infografik-INKOBA-5-300x168.jpg 300w, https:\/\/inkoba.de\/wp-content\/uploads\/2024\/01\/Infografik-INKOBA-5-768x431.jpg 768w, https:\/\/inkoba.de\/wp-content\/uploads\/2024\/01\/Infografik-INKOBA-5-1536x862.jpg 1536w, https:\/\/inkoba.de\/wp-content\/uploads\/2024\/01\/Infografik-INKOBA-5.bmp 1904w\" sizes=\"auto, (max-width: 1024px) 100vw, 1024px\" \/><\/figure>\n\n\n\n<div style=\"height:38px\" aria-hidden=\"true\" class=\"wp-block-spacer\"><\/div>\n\n\n\n<figure class=\"wp-block-image size-large\"><img loading=\"lazy\" decoding=\"async\" width=\"1024\" height=\"573\" src=\"https:\/\/inkoba.de\/wp-content\/uploads\/2024\/01\/Infografik-INKOBA-6-1024x573.jpg\" alt=\"\" class=\"wp-image-311\" srcset=\"https:\/\/inkoba.de\/wp-content\/uploads\/2024\/01\/Infografik-INKOBA-6-1024x573.jpg 1024w, https:\/\/inkoba.de\/wp-content\/uploads\/2024\/01\/Infografik-INKOBA-6-300x168.jpg 300w, https:\/\/inkoba.de\/wp-content\/uploads\/2024\/01\/Infografik-INKOBA-6-768x430.jpg 768w, https:\/\/inkoba.de\/wp-content\/uploads\/2024\/01\/Infografik-INKOBA-6-1536x859.jpg 1536w, https:\/\/inkoba.de\/wp-content\/uploads\/2024\/01\/Infografik-INKOBA-6.bmp 1913w\" sizes=\"auto, (max-width: 1024px) 100vw, 1024px\" \/><\/figure>\n\n\n\n<div style=\"height:38px\" aria-hidden=\"true\" class=\"wp-block-spacer\"><\/div>\n\n\n\n<figure class=\"wp-block-image size-large\"><img loading=\"lazy\" decoding=\"async\" width=\"1024\" height=\"575\" src=\"https:\/\/inkoba.de\/wp-content\/uploads\/2024\/01\/Infografik-INKOBA-7-1024x575.jpg\" alt=\"\" class=\"wp-image-312\" srcset=\"https:\/\/inkoba.de\/wp-content\/uploads\/2024\/01\/Infografik-INKOBA-7-1024x575.jpg 1024w, https:\/\/inkoba.de\/wp-content\/uploads\/2024\/01\/Infografik-INKOBA-7-300x168.jpg 300w, https:\/\/inkoba.de\/wp-content\/uploads\/2024\/01\/Infografik-INKOBA-7-768x431.jpg 768w, https:\/\/inkoba.de\/wp-content\/uploads\/2024\/01\/Infografik-INKOBA-7-1536x862.jpg 1536w, https:\/\/inkoba.de\/wp-content\/uploads\/2024\/01\/Infografik-INKOBA-7.bmp 1915w\" sizes=\"auto, (max-width: 1024px) 100vw, 1024px\" \/><\/figure>\n\n\n\n<div style=\"height:38px\" aria-hidden=\"true\" class=\"wp-block-spacer\"><\/div>\n\n\n\n<figure class=\"wp-block-image size-large\"><img loading=\"lazy\" decoding=\"async\" width=\"1024\" height=\"573\" src=\"https:\/\/inkoba.de\/wp-content\/uploads\/2024\/01\/Infografik-INKOBA-8-1024x573.jpg\" alt=\"\" class=\"wp-image-313\" srcset=\"https:\/\/inkoba.de\/wp-content\/uploads\/2024\/01\/Infografik-INKOBA-8-1024x573.jpg 1024w, https:\/\/inkoba.de\/wp-content\/uploads\/2024\/01\/Infografik-INKOBA-8-300x168.jpg 300w, https:\/\/inkoba.de\/wp-content\/uploads\/2024\/01\/Infografik-INKOBA-8-768x430.jpg 768w, https:\/\/inkoba.de\/wp-content\/uploads\/2024\/01\/Infografik-INKOBA-8-1536x860.jpg 1536w, https:\/\/inkoba.de\/wp-content\/uploads\/2024\/01\/Infografik-INKOBA-8.bmp 1916w\" sizes=\"auto, (max-width: 1024px) 100vw, 1024px\" \/><\/figure>\n\n\n\n<div style=\"height:38px\" aria-hidden=\"true\" class=\"wp-block-spacer\"><\/div>\n\n\n\n<figure class=\"wp-block-image size-large\"><img loading=\"lazy\" decoding=\"async\" width=\"1024\" height=\"574\" src=\"https:\/\/inkoba.de\/wp-content\/uploads\/2024\/01\/Infografik-INKOBA-9-1024x574.jpg\" alt=\"\" class=\"wp-image-314\" srcset=\"https:\/\/inkoba.de\/wp-content\/uploads\/2024\/01\/Infografik-INKOBA-9-1024x574.jpg 1024w, https:\/\/inkoba.de\/wp-content\/uploads\/2024\/01\/Infografik-INKOBA-9-300x168.jpg 300w, https:\/\/inkoba.de\/wp-content\/uploads\/2024\/01\/Infografik-INKOBA-9-768x431.jpg 768w, https:\/\/inkoba.de\/wp-content\/uploads\/2024\/01\/Infografik-INKOBA-9-1536x861.jpg 1536w, https:\/\/inkoba.de\/wp-content\/uploads\/2024\/01\/Infografik-INKOBA-9.bmp 1899w\" sizes=\"auto, (max-width: 1024px) 100vw, 1024px\" \/><\/figure>\n\n\n\n<div style=\"height:38px\" aria-hidden=\"true\" class=\"wp-block-spacer\"><\/div>\n\n\n\n<figure class=\"wp-block-image size-large\"><img loading=\"lazy\" decoding=\"async\" width=\"1024\" height=\"571\" src=\"https:\/\/inkoba.de\/wp-content\/uploads\/2024\/01\/Infografik-INKOBA-10-1024x571.jpg\" alt=\"\" class=\"wp-image-315\" srcset=\"https:\/\/inkoba.de\/wp-content\/uploads\/2024\/01\/Infografik-INKOBA-10-1024x571.jpg 1024w, https:\/\/inkoba.de\/wp-content\/uploads\/2024\/01\/Infografik-INKOBA-10-300x167.jpg 300w, https:\/\/inkoba.de\/wp-content\/uploads\/2024\/01\/Infografik-INKOBA-10-768x428.jpg 768w, https:\/\/inkoba.de\/wp-content\/uploads\/2024\/01\/Infografik-INKOBA-10-1536x856.jpg 1536w, https:\/\/inkoba.de\/wp-content\/uploads\/2024\/01\/Infografik-INKOBA-10.bmp 1914w\" sizes=\"auto, (max-width: 1024px) 100vw, 1024px\" \/><\/figure>\n\n\n\n<div style=\"height:38px\" aria-hidden=\"true\" class=\"wp-block-spacer\"><\/div>\n\n\n\n<figure class=\"wp-block-image size-large\"><img loading=\"lazy\" decoding=\"async\" width=\"1024\" height=\"572\" src=\"https:\/\/inkoba.de\/wp-content\/uploads\/2024\/01\/Infografik-INKOBA-11-1024x572.jpg\" alt=\"\" class=\"wp-image-316\" srcset=\"https:\/\/inkoba.de\/wp-content\/uploads\/2024\/01\/Infografik-INKOBA-11-1024x572.jpg 1024w, https:\/\/inkoba.de\/wp-content\/uploads\/2024\/01\/Infografik-INKOBA-11-300x168.jpg 300w, https:\/\/inkoba.de\/wp-content\/uploads\/2024\/01\/Infografik-INKOBA-11-768x429.jpg 768w, https:\/\/inkoba.de\/wp-content\/uploads\/2024\/01\/Infografik-INKOBA-11-1536x858.jpg 1536w, https:\/\/inkoba.de\/wp-content\/uploads\/2024\/01\/Infografik-INKOBA-11.bmp 1915w\" sizes=\"auto, (max-width: 1024px) 100vw, 1024px\" \/><\/figure>\n\n\n\n<div style=\"height:38px\" aria-hidden=\"true\" class=\"wp-block-spacer\"><\/div>\n\n\n","protected":false},"excerpt":{"rendered":"<p>Wof\u00fcr steht INKOBA? Das Kernziel von INKOBA &#8211; unserer Dachmarke f\u00fcr angewandte Wissenstechnologie &#8211; besteht darin, mit seiner Anwendung im betrieblichen Projektmanagement Mitarbeiter und Teams zu bef\u00e4higen, mit geringstem Aufwand an Zeit und Geld erfolgreich eine besondere Kompetenz zu vermitteln, womit es ihnen m\u00f6glich sein wird, soziale und technisch-technologische Innovationen zur L\u00f6sung von dringlichen Herausforderungen [&hellip;]<\/p>\n","protected":false},"author":1,"featured_media":0,"parent":0,"menu_order":0,"comment_status":"closed","ping_status":"closed","template":"","meta":{"footnotes":""},"class_list":["post-199","page","type-page","status-publish","hentry"],"_links":{"self":[{"href":"https:\/\/inkoba.de\/index.php?rest_route=\/wp\/v2\/pages\/199","targetHints":{"allow":["GET"]}}],"collection":[{"href":"https:\/\/inkoba.de\/index.php?rest_route=\/wp\/v2\/pages"}],"about":[{"href":"https:\/\/inkoba.de\/index.php?rest_route=\/wp\/v2\/types\/page"}],"author":[{"embeddable":true,"href":"https:\/\/inkoba.de\/index.php?rest_route=\/wp\/v2\/users\/1"}],"replies":[{"embeddable":true,"href":"https:\/\/inkoba.de\/index.php?rest_route=%2Fwp%2Fv2%2Fcomments&post=199"}],"version-history":[{"count":6,"href":"https:\/\/inkoba.de\/index.php?rest_route=\/wp\/v2\/pages\/199\/revisions"}],"predecessor-version":[{"id":358,"href":"https:\/\/inkoba.de\/index.php?rest_route=\/wp\/v2\/pages\/199\/revisions\/358"}],"wp:attachment":[{"href":"https:\/\/inkoba.de\/index.php?rest_route=%2Fwp%2Fv2%2Fmedia&parent=199"}],"curies":[{"name":"wp","href":"https:\/\/api.w.org\/{rel}","templated":true}]}}